{"id":3,"date":"2023-09-26T12:45:00","date_gmt":"2023-09-26T12:45:00","guid":{"rendered":"https:\/\/nn.travelblox.eu\/home\/"},"modified":"2025-01-20T16:03:56","modified_gmt":"2025-01-20T16:03:56","slug":"home","status":"publish","type":"page","link":"https:\/\/nn.travelblox.eu\/fr\/","title":{"rendered":"Accueil"},"content":{"rendered":"<div class=\"tb-header tb-block align-center background-dark pattern-none variant-none\" id=\"header\" data-fallback-background=\"https:\/\/vz-2d98b19f-729.b-cdn.net\/fcd1488d-58f6-4679-aad2-780f69dba8a1\/thumbnail.jpg\" style=\"background-image: url('https:\/\/vz-2d98b19f-729.b-cdn.net\/fcd1488d-58f6-4679-aad2-780f69dba8a1\/thumbnail.jpg'); background-position:center;\">\n    <div class=\"tb-header-foreground\">\n        <div class=\"inner-block\">\n\n            <div class=\"main-part\">\n                <div class=\"text-part\">\n                                                                                            <h1>\t<span class=\"tb-logo\"  style=\"-webkit-mask-image: url(https:\/\/nn.travelblox.eu\/wp-content\/uploads\/sites\/57\/2023\/10\/NN_White.svg); mask-image: url(https:\/\/nn.travelblox.eu\/wp-content\/uploads\/sites\/57\/2023\/10\/NN_White.svg)\">\n\t\t<img src='https:\/\/nn.travelblox.eu\/wp-content\/uploads\/sites\/57\/2023\/10\/NN_White.svg' width='1024' height='1024' alt='Nordic Nomads logo' title='Les Nordic Nomads' loading='lazy'>\n\t<\/span>\n<\/h1>\n                                                                                        <h2 class=\"tb-subtitle\">\t\t<div class=\"translation-block\"><p>des roadtrips inoubliables \u00e0 travers le Grand Nord<\/p><\/div>\n\t<\/h2>\n                                                                                                                                <div class=\"tb-buttons-part\">\n                                                            \t\t<a href=\"#destinations\"  target=\"\" class=\"tb-button\">\n\t\t\tD\u00e9couvrez les destinations\t\t<\/a>\n\t\t                                                                                <\/div>\n                                                        <\/div>\n            <\/div>\n            \n                    <\/div>\n    <\/div>\n\n                        <div class=\"tb-header-background tb-header-background--has-iframe\">\n                        <iframe src=\"https:\/\/iframe.mediadelivery.net\/embed\/306445\/fcd1488d-58f6-4679-aad2-780f69dba8a1?autoplay=true&#038;preload=true&#038;loop=true&#038;responsive=true&#038;muted=true\" allow=\"accelerometer;gyroscope;encrypted-media;picture-in-picture;autoplay;muted;\" allowfullscreen=\"true\" style=\"border: none;\" loading=\"lazy\"><\/iframe>                    <\/div>\n    \n    \n<\/div>\n\n\n\n\n<div class=\"tb-leadtext tb-block align-center background-light pattern-none variant-none tb-collapsible-margins\" id=\"info\">\n\t<div class=\"inner-block tb-fade-in tb-fade-in--subtle\">\n\t\t<div class=\"text-part\">\n\t\t\t\t\t<div class=\"translation-block\"><p>D\u00e9couvrez le Grand Nord d'une mani\u00e8re unique : depuis une <strong>voiture avec tente de toit<\/strong>! Laissez-vous guider par notre <strong>carnet de route<\/strong> d\u00e9taill\u00e9 pendant 7 jours et passez la nuit dans des lieux uniques en pleine nature.<\/p><\/div>\n\t\t\t<\/div>\n\t<\/div>\n<\/div>\n\n\n\n<div class=\"tb-destinations tb-block align-center background-light pattern-none variant-none tb-collapsible-margins hide-or-entries\" id=\"destinations\">\n\t<div class=\"inner-block tb-fade-in tb-fade-in--subtle\">\n\t\t<div class=\"text-part\">\n\t\t\t<h2>Les destinations<\/h2>\n\t\t\t\t\t<div class=\"translation-block\"><p>Choisirez-vous <strong><a href=\"\/fr\/icelandnomads.com\/fr\/\">l'Islande<\/a><\/strong>, le pays du feu et de la glace, ou <strong><a href=\"\/fr\/icelandnomads.com\/fr\/\">la Norv\u00e8ge<\/a><\/strong>, le pays des fjords et des glaciers ?<\/p><p>Une chose est s\u00fbre, vous allez vivre une aventure inoubliable, en parcourant la nature sauvage au volant d'une voiture \u00e9quip\u00e9e d'une tente de toit...<\/p><\/div>\n\t\t\t\t\t\t<\/div>\n\t<\/div>\n\n\t<!-- sections -->\n\n\t\t\t<div class=\"tb-sections tb-fade-in tb-fade-in--subtle\">\n\t\t\t\t\t\t\t\t\t\t\t\t\t\t<div class=\"inner-block-full-width has-tb-carousel tb-section\" id=\"destinations-section-0\">\n\t\t\t<div class=\"tb-carousel-container\">\n\t\t\t\t<div class=\"entries tb-cards\" data-slider-first=\"1\">\n\t\t\t\t\t\t\t\t\t\n\t\t\t\t\t\t\t\t\t\t\t\t\t<a href=\"http:\/\/icelandnomads.com\/fr\"  target=\"\" class=\"tb-card entry\">\n\t\t\t\t\t\t\t\t\t\t\t\t\t\t\t<div class=\"tb-image-part\">\n\n\t\t\t\t\t\t\t\t\t<img src='https:\/\/nn.travelblox.eu\/wp-content\/uploads\/sites\/57\/2024\/11\/ICEN-NN-website-768x576.jpg' width='768' height='576' loading='lazy' image_size='medium_large'>\t\t\t\t\t\t\t\t\t\t\t\t\t\t\t\t\t\t\t<div class=\"tb-image-part__overlay\">\n\t\t\t\t\t\t\t\t\t\t\t<h3 class=\"tb-image-part__title\">\n\t\t\t\t\t\t\t\t\t\t\t\t<span>Islande<\/span>\n\t\t\t\t\t\t\t\t\t\t\t\t\t\t\t\t\t\t\t\t\t\t\t\t\t<i class=\"icon fa-solid fa-arrow-right\"><\/i>\n\t\t\t\t\t\t\t\t\t\t\t\t\t\t\t\t\t\t\t\t\t\t\t<\/h3>\n\t\t\t\t\t\t\t\t\t\t\t\t\t\t\t\t\t\t\t\t\t<\/div>\n\t\t\t\t\t\t\t\t\t\n\t\t\t\t\t\t\t\t\t\n\t\t\t\t\t\t\t\t<\/div>\n\t\t\t\t\t\t\t\t\n\t\t\t\t\t\t\t\t\t\t\t\t\t\t\t<\/a>\n\t\t\t\t\t\t\n\n\t\t\t\t\t\t\t\t\t\t\t\t\t<a href=\"http:\/\/norwaynomads.com\/fr\"  target=\"\" class=\"tb-card entry\">\n\t\t\t\t\t\t\t\t\t\t\t\t\t\t\t<div class=\"tb-image-part\">\n\n\t\t\t\t\t\t\t\t\t<img src='https:\/\/nn.travelblox.eu\/wp-content\/uploads\/sites\/57\/2024\/11\/DSC02531-2-768x513.jpg' width='768' height='513' loading='lazy' image_size='medium_large'>\t\t\t\t\t\t\t\t\t\t\t\t\t\t\t\t\t\t\t<div class=\"tb-image-part__overlay\">\n\t\t\t\t\t\t\t\t\t\t\t<h3 class=\"tb-image-part__title\">\n\t\t\t\t\t\t\t\t\t\t\t\t<span>Norv\u00e8ge<\/span>\n\t\t\t\t\t\t\t\t\t\t\t\t\t\t\t\t\t\t\t\t\t\t\t\t\t<i class=\"icon fa-solid fa-arrow-right\"><\/i>\n\t\t\t\t\t\t\t\t\t\t\t\t\t\t\t\t\t\t\t\t\t\t\t<\/h3>\n\t\t\t\t\t\t\t\t\t\t\t\t\t\t\t\t\t\t\t\t\t<\/div>\n\t\t\t\t\t\t\t\t\t\n\t\t\t\t\t\t\t\t\t\n\t\t\t\t\t\t\t\t<\/div>\n\t\t\t\t\t\t\t\t\n\t\t\t\t\t\t\t\t\t\t\t\t\t\t\t<\/a>\n\t\t\t\t\t\t\n\t\t\t\t<\/div>\n\t\t\t\t\t\t<div class=\"tb-carousel-nav\">\n\t\t\t<div class=\"dots\">\n\t\t\t\t<div class=\"dot active\"><\/div>\n\t\t\t\t<div class=\"dot\"><\/div>\n\t\t\t\t<div class=\"dot\"><\/div>\n\t\t\t<\/div>\n\t\t\t<div class=\"arrows\">\n\t\t\t\t<div class=\"prev disabled\">\n\t\t\t\t\t<span><i class=\"fa fa-chevron-left\"><\/i><\/span>\n\t\t\t\t<\/div>\n\t\t\t\t<div class=\"next\">\n\t\t\t\t\t<span><i class=\"fa fa-chevron-right\"><\/i><\/span>\n\t\t\t\t<\/div>\n\t\t\t<\/div>\n\t\t<\/div>\n\t\t\t\t<\/div>\n\t\t<\/div>\n\t<\/div>\n\n<!-- end section -->\n\n\n<\/div>","protected":false},"excerpt":{"rendered":"","protected":false},"author":2,"featured_media":510,"parent":0,"menu_order":0,"comment_status":"closed","ping_status":"closed","template":"","meta":{"_acf_changed":false,"inline_featured_image":false,"footnotes":""},"class_list":["post-3","page","type-page","status-publish","has-post-thumbnail","hentry"],"acf":{"page_package_ids":"","is_main_package_page":false,"additional_linked_packages":[],"feed_page_to_atlas":true},"_links":{"self":[{"href":"https:\/\/nn.travelblox.eu\/fr\/wp-json\/wp\/v2\/pages\/3","targetHints":{"allow":["GET"]}}],"collection":[{"href":"https:\/\/nn.travelblox.eu\/fr\/wp-json\/wp\/v2\/pages"}],"about":[{"href":"https:\/\/nn.travelblox.eu\/fr\/wp-json\/wp\/v2\/types\/page"}],"author":[{"embeddable":true,"href":"https:\/\/nn.travelblox.eu\/fr\/wp-json\/wp\/v2\/users\/2"}],"replies":[{"embeddable":true,"href":"https:\/\/nn.travelblox.eu\/fr\/wp-json\/wp\/v2\/comments?post=3"}],"version-history":[{"count":49,"href":"https:\/\/nn.travelblox.eu\/fr\/wp-json\/wp\/v2\/pages\/3\/revisions"}],"predecessor-version":[{"id":2044,"href":"https:\/\/nn.travelblox.eu\/fr\/wp-json\/wp\/v2\/pages\/3\/revisions\/2044"}],"wp:featuredmedia":[{"embeddable":true,"href":"https:\/\/nn.travelblox.eu\/fr\/wp-json\/wp\/v2\/media\/510"}],"wp:attachment":[{"href":"https:\/\/nn.travelblox.eu\/fr\/wp-json\/wp\/v2\/media?parent=3"}],"curies":[{"name":"wp","href":"https:\/\/api.w.org\/{rel}","templated":true}]}}